{"id":875,"date":"2017-09-26T14:36:37","date_gmt":"2017-09-26T07:36:37","guid":{"rendered":"https:\/\/acope.es\/colaboraenverde\/?page_id=875"},"modified":"2021-10-26T15:13:36","modified_gmt":"2021-10-26T15:13:36","slug":"latienda","status":"publish","type":"page","link":"https:\/\/acope.es\/colaboraenverde\/","title":{"rendered":"Bienvenido a Colabora en Verde de ACOPE"},"content":{"rendered":"<p>[vc_row css=&#8221;.vc_custom_1633074074553{background-image: url(https:\/\/acope.es\/colaboraenverde\/wp-content\/uploads\/2021\/02\/Postal-Arte-con-Pinceladas-Violeta-1.jpg?id=2730) !important;}&#8221;][vc_column][vc_row_inner][vc_column_inner offset=&#8221;vc_hidden-sm vc_hidden-xs&#8221;][vc_empty_space height=&#8221;150px&#8221;][\/vc_column_inner][\/vc_row_inner][vc_row_inner][vc_column_inner offset=&#8221;vc_hidden-lg vc_hidden-md&#8221;][vc_empty_space height=&#8221;50px&#8221;][\/vc_column_inner][\/vc_row_inner][vc_row_inner][vc_column_inner width=&#8221;1\/4&#8243;][\/vc_column_inner][vc_column_inner width=&#8221;1\/2&#8243; css=&#8221;.vc_custom_1633023180747{background-color: rgba(252,252,252,0.49) !important;*background-color: rgb(252,252,252) !important;}&#8221;][vc_column_text]<\/p>\n<h3 style=\"text-align: center; font-size: 24px; color: #005412;\"><strong>Te damos la bienvenida a<\/strong><\/h3>\n<h3 style=\"text-align: center; font-size: 24px; color: #005412;\"><span style=\"color: #005412;\"><strong>Colabora en Verde,<\/strong><\/span><\/h3>\n<h5 style=\"text-align: center; font-size: 16px; color: #005412;\"><span style=\"color: #333300;\"><strong>una iniciativa de<\/strong><\/span><\/h5>\n<p><img loading=\"lazy\" class=\"wp-image-2968 aligncenter\" src=\"https:\/\/acope.es\/colaboraenverde\/wp-content\/uploads\/2021\/09\/log_acope-e1633073306776-300x217.png\" alt=\"\" width=\"207\" height=\"150\" \/>[\/vc_column_text][\/vc_column_inner][vc_column_inner width=&#8221;1\/4&#8243;][\/vc_column_inner][\/vc_row_inner][vc_row_inner][vc_column_inner][vc_empty_space height=&#8221;50px&#8221;][\/vc_column_inner][\/vc_row_inner][\/vc_column][\/vc_row][vc_row equal_height=&#8221;yes&#8221; content_placement=&#8221;middle&#8221; css=&#8221;.vc_custom_1613581723848{background-color: #f9f9f9 !important;background-position: center !important;background-repeat: no-repeat !important;background-size: cover !important;}&#8221;][vc_column][vc_empty_space height=&#8221;70&#8243;][vc_custom_heading text=&#8221;Conoce el Taller verde&#8221; font_container=&#8221;tag:h4|font_size:28px|text_align:left|color:%231c3c50|line_height:56px&#8221; use_theme_fonts=&#8221;yes&#8221; font_weight=&#8221;400&#8243; line=&#8221;&#8221;][vc_empty_space height=&#8221;10&#8243;][vc_column_text]El vivero \u201cTaller Verde\u201d de Acope est\u00e1 situado en el interior del Centro Penitenciario Madrid I. Este proyecto se lleva a cabo desde hace m\u00e1s de veinte a\u00f1os y ha ido creciendo a lo largo del tiempo disponiendo en la actualidad de dos espacios en los que se producen plantas arom\u00e1ticas y ornamentales. En nuestro vivero las mujeres aprenden a producir plantas con la misma seriedad y calidad que en un vivero comercial y al mismo tiempo adquieren y recuperan habilidades sociales.<\/p>\n<p>El Vivero &#8220;Taller Verde&#8221; es un proyecto de inserci\u00f3n socio laboral dirigido a mujeres reclusas. Las producci\u00f3n de plantas se lleva cabo de manera artesanal \u00edntegramente por las mujeres que participan en el proyecto y todos los ingresos que se obtienen se destinan al pago de becas de formaci\u00f3n.[\/vc_column_text][vc_empty_space height=&#8221;50&#8243;][\/vc_column][\/vc_row][vc_row css=&#8221;.vc_custom_1625914819502{padding-top: 50px !important;padding-bottom: 50px !important;background-color: #ffffff !important;}&#8221; el_id=&#8221;donativos&#8221;][vc_column][vc_custom_heading text=&#8221;Colabora en Verde&#8221; font_container=&#8221;tag:h4|font_size:28px|text_align:left|color:%231c3c50|line_height:56px&#8221; use_theme_fonts=&#8221;yes&#8221; font_weight=&#8221;400&#8243; line=&#8221;&#8221;][vc_custom_heading text=&#8221;Haz tu donativo y consigue un pack de plantas. Tu aportaci\u00f3n servir\u00e1 para sostener el proyecto y becar la formaci\u00f3n de las mujeres reclusas que participan en \u00e9l.&#8221; font_container=&#8221;tag:h6|font_size:18px|text_align:left|color:%231c3c50|line_height:24px&#8221; use_theme_fonts=&#8221;yes&#8221; font_weight=&#8221;400&#8243; line=&#8221;&#8221;][vc_empty_space height=&#8221;30&#8243;]<div class=\"woocommerce columns-3\"><ul class=\"products columns-3\">\n<li class=\"product-category product first\">\n\t<\/li>\n<li class=\"product-category product\">\n\t<\/li>\n<li class=\"product-category product last\">\n\t<\/li>\n<\/ul>\n<\/div>[\/vc_column][\/vc_row][vc_row full_width=&#8221;stretch_row_content&#8221; css=&#8221;.vc_custom_1625928723729{padding-top: 50px !important;padding-bottom: 70px !important;background-image: url(https:\/\/acope.es\/colaboraenverde\/wp-content\/uploads\/2021\/07\/background-flores1.jpg?id=2916) !important;background-position: center !important;background-repeat: no-repeat !important;background-size: cover !important;}&#8221;][vc_column width=&#8221;1\/6&#8243;][\/vc_column][vc_column width=&#8221;2\/3&#8243;][vc_custom_heading text=&#8221;Las plantas del vivero&#8221; font_container=&#8221;tag:h4|font_size:28px|text_align:left|color:%23ffffff|line_height:56px&#8221; use_theme_fonts=&#8221;yes&#8221; font_weight=&#8221;400&#8243; line=&#8221;&#8221;][vc_custom_heading text=&#8221;Los a\u00f1os de experiencia han dado sus frutos y aunque depende de la \u00e9poca del a\u00f1o, la variedad de plantas del vivero es muy amplia. Plantas arom\u00e1ticas, perennes y decorativas. Contamos con un gran cat\u00e1logo de plantas producidas al 100% en nuestro vivero.&#8221; font_container=&#8221;tag:h6|font_size:18px|text_align:left|color:%23ffffff|line_height:24px&#8221; use_theme_fonts=&#8221;yes&#8221; font_weight=&#8221;400&#8243; line=&#8221;&#8221;][vc_empty_space height=&#8221;30&#8243;][vc_btn title=&#8221;Ver plantas&#8221; style=&#8221;classic&#8221; color=&#8221;white&#8221; link=&#8221;url:https%3A%2F%2Facope.es%2Fcolaboraenverde%2Fnuestras-plantas%2F|title:Nuestras%20plantas||&#8221;][\/vc_column][vc_column width=&#8221;1\/6&#8243;][\/vc_column][\/vc_row][vc_row content_placement=&#8221;middle&#8221; css=&#8221;.vc_custom_1635260518392{padding-top: 70px !important;padding-bottom: 70px !important;background-color: #ffffff !important;background-position: center !important;background-repeat: no-repeat !important;background-size: cover !important;}&#8221;][vc_column width=&#8221;1\/2&#8243;][vc_empty_space height=&#8221;30&#8243;][vc_custom_heading text=&#8221;Regalos personalizados&#8221; font_container=&#8221;tag:h4|font_size:28px|text_align:left|color:%23303030|line_height:56px&#8221; use_theme_fonts=&#8221;yes&#8221; font_weight=&#8221;400&#8243; line=&#8221;&#8221;][vc_custom_heading text=&#8221;\u00bfNecesitas hacer un regalo o decorar un evento especial? hacemos todo tipo de arreglos a medida. Solo tienes que contarnos tu idea y \u00a1nosotros te ayudaremos!&#8221; font_container=&#8221;tag:h6|font_size:18px|text_align:left|color:%23515151|line_height:24px&#8221; use_theme_fonts=&#8221;yes&#8221; font_weight=&#8221;400&#8243; line=&#8221;&#8221;][vc_empty_space height=&#8221;15px&#8221;][vc_btn title=&#8221;Contacta con nosotros&#8221; style=&#8221;classic&#8221; color=&#8221;white&#8221; link=&#8221;url:https%3A%2F%2Facope.es%2Fcolaboraenverde%2Fcontacto%2F|title:Nuestras%20plantas||&#8221;][\/vc_column][vc_column width=&#8221;1\/12&#8243;][\/vc_column][vc_column width=&#8221;5\/12&#8243;][vc_gallery interval=&#8221;3&#8243; images=&#8221;3039,3040,3041&#8243; img_size=&#8221;full&#8221;][\/vc_column][\/vc_row]<\/p>\n","protected":false},"excerpt":{"rendered":"<p>[vc_row css=&#8221;.vc_custom_1633074074553{background-image: url(https:\/\/acope.es\/colaboraenverde\/wp-content\/uploads\/2021\/02\/Postal-Arte-con-Pinceladas-Violeta-1.jpg?id=2730) !important;}&#8221;][vc_column][vc_row_inner][vc_column_inner offset=&#8221;vc_hidden-sm vc_hidden-xs&#8221;][vc_empty_space height=&#8221;150px&#8221;][\/vc_column_inner][\/vc_row_inner][vc_row_inner][vc_column_inner offset=&#8221;vc_hidden-lg vc_hidden-md&#8221;][vc_empty_space height=&#8221;50px&#8221;][\/vc_column_inner][\/vc_row_inner][vc_row_inner][vc_column_inner width=&#8221;1\/4&#8243;][\/vc_column_inner][vc_column_inner width=&#8221;1\/2&#8243; css=&#8221;.vc_custom_1633023180747{background-color: rgba(252,252,252,0.49) !important;*background-color: rgb(252,252,252) !important;}&#8221;][vc_column_text] Te damos la bienvenida a Colabora en Verde, una iniciativa de [\/vc_column_text][\/vc_column_inner][vc_column_inner width=&#8221;1\/4&#8243;][\/vc_column_inner][\/vc_row_inner][vc_row_inner][vc_column_inner][vc_empty_space height=&#8221;50px&#8221;][\/vc_column_inner][\/vc_row_inner][\/vc_column][\/vc_row][vc_row equal_height=&#8221;yes&#8221; content_placement=&#8221;middle&#8221; css=&#8221;.vc_custom_1613581723848{background-color: #f9f9f9 !important;background-position: center !important;background-repeat: no-repeat !important;background-size: cover !important;}&#8221;][vc_column][vc_empty_space height=&#8221;70&#8243;][vc_custom_heading text=&#8221;Conoce el Taller verde&#8221; font_container=&#8221;tag:h4|font_size:28px|text_align:left|color:%231c3c50|line_height:56px&#8221; use_theme_fonts=&#8221;yes&#8221; font_weight=&#8221;400&#8243; line=&#8221;&#8221;][vc_empty_space height=&#8221;10&#8243;][vc_column_text]El vivero \u201cTaller Verde\u201d&#8230;<\/p>\n","protected":false},"author":1,"featured_media":0,"parent":0,"menu_order":0,"comment_status":"closed","ping_status":"closed","template":"","meta":[],"_links":{"self":[{"href":"https:\/\/acope.es\/colaboraenverde\/wp-json\/wp\/v2\/pages\/875"}],"collection":[{"href":"https:\/\/acope.es\/colaboraenverde\/wp-json\/wp\/v2\/pages"}],"about":[{"href":"https:\/\/acope.es\/colaboraenverde\/wp-json\/wp\/v2\/types\/page"}],"author":[{"embeddable":true,"href":"https:\/\/acope.es\/colaboraenverde\/wp-json\/wp\/v2\/users\/1"}],"replies":[{"embeddable":true,"href":"https:\/\/acope.es\/colaboraenverde\/wp-json\/wp\/v2\/comments?post=875"}],"version-history":[{"count":198,"href":"https:\/\/acope.es\/colaboraenverde\/wp-json\/wp\/v2\/pages\/875\/revisions"}],"predecessor-version":[{"id":3043,"href":"https:\/\/acope.es\/colaboraenverde\/wp-json\/wp\/v2\/pages\/875\/revisions\/3043"}],"wp:attachment":[{"href":"https:\/\/acope.es\/colaboraenverde\/wp-json\/wp\/v2\/media?parent=875"}],"curies":[{"name":"wp","href":"https:\/\/api.w.org\/{rel}","templated":true}]}}