{"id":2731,"date":"2021-02-17T17:40:40","date_gmt":"2021-02-17T17:40:40","guid":{"rendered":"https:\/\/acope.es\/colaboraenverde\/?post_type=product&#038;p=2731"},"modified":"2021-07-10T11:17:06","modified_gmt":"2021-07-10T11:17:06","slug":"kokedama-pequena","status":"publish","type":"product","link":"https:\/\/acope.es\/colaboraenverde\/producto\/kokedama-pequena\/","title":{"rendered":"Kokedama peque\u00f1a"},"content":{"rendered":"","protected":false},"excerpt":{"rendered":"<p><strong>El precio mostrado es un donativo.<\/strong> Recuerda que tu donaci\u00f3n es muy valiosa, todo los ingresos obtenidos ser\u00e1n destinados a las becas de formaci\u00f3n del taller.<\/p>\n<p>Kokedama artesanal aproximadamente de 8cm. Trabajamos con otro tipo de plantas, si tienes alguna petici\u00f3n especial no dudes en <a href=\"https:\/\/acope.es\/colaboraenverde\/contacto\/\">escribirnos<\/a> y pedirnos tu kokedama.<\/p>\n","protected":false},"featured_media":2856,"template":"","meta":[],"_links":{"self":[{"href":"https:\/\/acope.es\/colaboraenverde\/wp-json\/wp\/v2\/product\/2731"}],"collection":[{"href":"https:\/\/acope.es\/colaboraenverde\/wp-json\/wp\/v2\/product"}],"about":[{"href":"https:\/\/acope.es\/colaboraenverde\/wp-json\/wp\/v2\/types\/product"}],"wp:featuredmedia":[{"embeddable":true,"href":"https:\/\/acope.es\/colaboraenverde\/wp-json\/wp\/v2\/media\/2856"}],"wp:attachment":[{"href":"https:\/\/acope.es\/colaboraenverde\/wp-json\/wp\/v2\/media?parent=2731"}],"curies":[{"name":"wp","href":"https:\/\/api.w.org\/{rel}","templated":true}]}}