{"id":2781,"date":"2021-02-18T19:17:59","date_gmt":"2021-02-18T19:17:59","guid":{"rendered":"https:\/\/acope.es\/colaboraenverde\/?post_type=product&#038;p=2781"},"modified":"2021-07-10T14:59:19","modified_gmt":"2021-07-10T14:59:19","slug":"pack-4-plantas","status":"publish","type":"product","link":"https:\/\/acope.es\/colaboraenverde\/producto\/pack-4-plantas\/","title":{"rendered":"Pack especial 4 plantas"},"content":{"rendered":"","protected":false},"excerpt":{"rendered":"<p><strong>El precio mostrado es un donativo.<\/strong> Recuerda que tu donaci\u00f3n es muy valiosa, todo los ingresos obtenidos ser\u00e1n destinados a las becas de formaci\u00f3n del taller.<\/p>\n<p>Un pack especial perfecto para regalar. <strong>\u00a1Dise\u00f1a tu pack combinando 4 plantas de temporada y arom\u00e1ticas!<\/strong><\/p>\n","protected":false},"featured_media":2647,"template":"","meta":[],"_links":{"self":[{"href":"https:\/\/acope.es\/colaboraenverde\/wp-json\/wp\/v2\/product\/2781"}],"collection":[{"href":"https:\/\/acope.es\/colaboraenverde\/wp-json\/wp\/v2\/product"}],"about":[{"href":"https:\/\/acope.es\/colaboraenverde\/wp-json\/wp\/v2\/types\/product"}],"wp:featuredmedia":[{"embeddable":true,"href":"https:\/\/acope.es\/colaboraenverde\/wp-json\/wp\/v2\/media\/2647"}],"wp:attachment":[{"href":"https:\/\/acope.es\/colaboraenverde\/wp-json\/wp\/v2\/media?parent=2781"}],"curies":[{"name":"wp","href":"https:\/\/api.w.org\/{rel}","templated":true}]}}