{"id":2782,"date":"2021-02-18T19:31:25","date_gmt":"2021-02-18T19:31:25","guid":{"rendered":"https:\/\/acope.es\/colaboraenverde\/?post_type=product&#038;p=2782"},"modified":"2021-07-10T13:22:59","modified_gmt":"2021-07-10T13:22:59","slug":"pack-6-plantas","status":"publish","type":"product","link":"https:\/\/acope.es\/colaboraenverde\/producto\/pack-6-plantas\/","title":{"rendered":"Pack especial 6 plantas"},"content":{"rendered":"","protected":false},"excerpt":{"rendered":"<p><strong>El precio mostrado es un donativo.<\/strong> Recuerda que tu donaci\u00f3n es muy valiosa, todo los ingresos obtenidos ser\u00e1n destinados a las becas de formaci\u00f3n del taller.<\/p>\n<p>Un pack especial perfecto para regalar. <strong>\u00a1Dise\u00f1a tu pack combinando 6 plantas de temporada y arom\u00e1ticas!<\/strong><\/p>\n","protected":false},"featured_media":2783,"template":"","meta":[],"_links":{"self":[{"href":"https:\/\/acope.es\/colaboraenverde\/wp-json\/wp\/v2\/product\/2782"}],"collection":[{"href":"https:\/\/acope.es\/colaboraenverde\/wp-json\/wp\/v2\/product"}],"about":[{"href":"https:\/\/acope.es\/colaboraenverde\/wp-json\/wp\/v2\/types\/product"}],"wp:featuredmedia":[{"embeddable":true,"href":"https:\/\/acope.es\/colaboraenverde\/wp-json\/wp\/v2\/media\/2783"}],"wp:attachment":[{"href":"https:\/\/acope.es\/colaboraenverde\/wp-json\/wp\/v2\/media?parent=2782"}],"curies":[{"name":"wp","href":"https:\/\/api.w.org\/{rel}","templated":true}]}}