{"id":2841,"date":"2021-02-21T10:09:10","date_gmt":"2021-02-21T10:09:10","guid":{"rendered":"https:\/\/acope.es\/colaboraenverde\/?post_type=product&#038;p=2841"},"modified":"2021-07-10T11:16:33","modified_gmt":"2021-07-10T11:16:33","slug":"macetero-artesanal-con-3-plantas-decorativas","status":"publish","type":"product","link":"https:\/\/acope.es\/colaboraenverde\/producto\/macetero-artesanal-con-3-plantas-decorativas\/","title":{"rendered":"Macetero con 3 plantas decorativas"},"content":{"rendered":"","protected":false},"excerpt":{"rendered":"<p><strong>El precio mostrado es un donativo.<\/strong> Recuerda que tu donaci\u00f3n es muy valiosa, todo los ingresos obtenidos ser\u00e1n destinados a las becas de formaci\u00f3n del taller.<\/p>\n<p>Maceteros artesanales hechos por las mujeres de la prisi\u00f3n de Brieva. Incluye una selecci\u00f3n de 3 plantas decorativas hecha por las mujeres.<\/p>\n","protected":false},"featured_media":2843,"template":"","meta":[],"_links":{"self":[{"href":"https:\/\/acope.es\/colaboraenverde\/wp-json\/wp\/v2\/product\/2841"}],"collection":[{"href":"https:\/\/acope.es\/colaboraenverde\/wp-json\/wp\/v2\/product"}],"about":[{"href":"https:\/\/acope.es\/colaboraenverde\/wp-json\/wp\/v2\/types\/product"}],"wp:featuredmedia":[{"embeddable":true,"href":"https:\/\/acope.es\/colaboraenverde\/wp-json\/wp\/v2\/media\/2843"}],"wp:attachment":[{"href":"https:\/\/acope.es\/colaboraenverde\/wp-json\/wp\/v2\/media?parent=2841"}],"curies":[{"name":"wp","href":"https:\/\/api.w.org\/{rel}","templated":true}]}}