{"id":2842,"date":"2021-02-21T10:11:42","date_gmt":"2021-02-21T10:11:42","guid":{"rendered":"https:\/\/acope.es\/colaboraenverde\/?post_type=product&#038;p=2842"},"modified":"2021-07-10T11:16:25","modified_gmt":"2021-07-10T11:16:25","slug":"macetero-artesanal","status":"publish","type":"product","link":"https:\/\/acope.es\/colaboraenverde\/producto\/macetero-artesanal\/","title":{"rendered":"Macetero artesanal"},"content":{"rendered":"","protected":false},"excerpt":{"rendered":"<p><strong>El precio mostrado es un donativo.<\/strong> Recuerda que tu donaci\u00f3n es muy valiosa, todo los ingresos obtenidos ser\u00e1n destinados a las becas de formaci\u00f3n del taller.<\/p>\n<p>Macetero artesanal hecho por las mujeres de la prisi\u00f3n de Brieva. <strong>\u00a1Ll\u00e9nalo con tus plantas favoritas!<\/strong><\/p>\n","protected":false},"featured_media":2844,"template":"","meta":[],"_links":{"self":[{"href":"https:\/\/acope.es\/colaboraenverde\/wp-json\/wp\/v2\/product\/2842"}],"collection":[{"href":"https:\/\/acope.es\/colaboraenverde\/wp-json\/wp\/v2\/product"}],"about":[{"href":"https:\/\/acope.es\/colaboraenverde\/wp-json\/wp\/v2\/types\/product"}],"wp:featuredmedia":[{"embeddable":true,"href":"https:\/\/acope.es\/colaboraenverde\/wp-json\/wp\/v2\/media\/2844"}],"wp:attachment":[{"href":"https:\/\/acope.es\/colaboraenverde\/wp-json\/wp\/v2\/media?parent=2842"}],"curies":[{"name":"wp","href":"https:\/\/api.w.org\/{rel}","templated":true}]}}